{"id":215,"date":"2018-09-10T09:58:15","date_gmt":"2018-09-10T09:58:15","guid":{"rendered":"http:\/\/lamandalie.de\/?page_id=215"},"modified":"2025-08-30T11:45:48","modified_gmt":"2025-08-30T11:45:48","slug":"copyright","status":"publish","type":"page","link":"https:\/\/lamandalie.de\/?page_id=215","title":{"rendered":"copyright"},"content":{"rendered":"\t\t<div data-elementor-type=\"wp-page\" data-elementor-id=\"215\" class=\"elementor elementor-215\">\n\t\t\t\t\t\t<section class=\"elementor-section elementor-top-section elementor-element elementor-element-52d4fe72 elementor-section-boxed elementor-section-height-default elementor-section-height-default\" data-id=\"52d4fe72\" data-element_type=\"section\" data-e-type=\"section\">\n\t\t\t\t\t\t<div class=\"elementor-container elementor-column-gap-default\">\n\t\t\t\t\t<div class=\"elementor-column elementor-col-100 elementor-top-column elementor-element elementor-element-6ce7e3f1\" data-id=\"6ce7e3f1\" data-element_type=\"column\" data-e-type=\"column\">\n\t\t\t<div class=\"elementor-widget-wrap elementor-element-populated\">\n\t\t\t\t\t\t<div class=\"elementor-element elementor-element-f98266b elementor-widget elementor-widget-text-editor\" data-id=\"f98266b\" data-element_type=\"widget\" data-e-type=\"widget\" data-widget_type=\"text-editor.default\">\n\t\t\t\t<div class=\"elementor-widget-container\">\n\t\t\t\t\t\t\t\t\t<p><span style=\"font-size: 14pt; font-family: noto sans;\"><strong>Urheberrechtshinweis<\/strong><\/span><br \/><span style=\"font-family: open sans;\">Kein Teil des Inhaltes der website<\/span> <strong>www.lamandalie.de<\/strong> darf ohne vorherige schriftliche Zustimmung des Urheberrechtsinhabers\/der Urheberrechtsinhaber in irgendeiner Form ganz oder in Teilen mit irgendwelchen Mitteln einschlie\u00dflich elektronischen oder mechanischen Methoden vervielf\u00e4ltigt, verbreitet oder in sonstiger Form genutzt werden.<\/p><p><em>Zitat: Deutsches Patent. und Markenam<\/em>t &#8230; Anderen ist es verboten, das eingetragene Design ohne Geneh\u00admigung zu benutzen, insbesondere herzustellen, anzubieten, in Verkehr zu bringen, einzuf\u00fchren, auszuf\u00fchren, zu gebrauchen oder zu besitzen. Auf die Kenntnis des gesch\u00fctzten Designs kommt es nicht an. Somit ist nicht nur die Nachahmung verboten, sondern auch die Herstellung und Verbreitung unabh\u00e4ngig entwickelter Produkte unzul\u00e4ssig.\u00a0\u00a0 <em>Zitat Ende<\/em><\/p><p>Nutzungsanfragen richten Sie sich bitte an:<br \/>desk(at)lamandalie.de<br \/>Alle Rechte vorbehalten. Ihr Anfrage wird umgehend an den jeweiligen Rechteinhaber weiter geleitet.<\/p><p><strong>Copyright<\/strong><br \/>No part of the content of the website <strong>www.lamandalie.de<\/strong> may be reproduced, distributed or used in any form or by any means, neither electronic or mechanical, without the prior written consent of the copyright owner\/owners.<\/p><p><span id=\"result_box\" class=\"\" lang=\"en\"><span class=\"\"><em>Quote: German Patent and Trademark Office<\/em> &#8230; others are forbidden to use the registered design without permission, in particular, to manufacture, to offer, to market, to introduce, to execute, to use or to possess.<\/span> <span class=\"\">The knowledge of the protected design does not matter.<\/span> <span class=\"\">Thus, not only the imitation is prohibited but also the production and dissemination of independently developed products is prohibited.<\/span>\u00a0\u00a0 <em><span class=\"\">Quote end<\/span><\/em><\/span><\/p><p>For further information please contact:<br \/>service(at)lamandalie.de<br \/>All rights reserved. Your request will be forwarded immediately to the respective owner.<\/p>\t\t\t\t\t\t\t\t<\/div>\n\t\t\t\t<\/div>\n\t\t\t\t\t<\/div>\n\t\t<\/div>\n\t\t\t\t\t<\/div>\n\t\t<\/section>\n\t\t\t\t<\/div>\n\t\t","protected":false},"excerpt":{"rendered":"<p>UrheberrechtshinweisKein Teil des Inhaltes der website www.lamandalie.de darf ohne vorherige schriftliche Zustimmung des Urheberrechtsinhabers\/der Urheberrechtsinhaber in irgendeiner Form ganz oder in Teilen mit irgendwelchen Mitteln einschlie\u00dflich elektronischen oder mechanischen Methoden vervielf\u00e4ltigt, verbreitet oder in sonstiger Form genutzt werden. Zitat: Deutsches Patent. und Markenamt &#8230; Anderen ist es verboten, das eingetragene Design ohne Geneh\u00admigung zu benutzen, [&hellip;]<\/p>\n","protected":false},"author":1,"featured_media":0,"parent":0,"menu_order":0,"comment_status":"closed","ping_status":"closed","template":"","meta":{"ocean_post_layout":"","ocean_both_sidebars_style":"","ocean_both_sidebars_content_width":0,"ocean_both_sidebars_sidebars_width":0,"ocean_sidebar":"0","ocean_second_sidebar":"0","ocean_disable_margins":"enable","ocean_add_body_class":"","ocean_shortcode_before_top_bar":"","ocean_shortcode_after_top_bar":"","ocean_shortcode_before_header":"","ocean_shortcode_after_header":"","ocean_has_shortcode":"","ocean_shortcode_after_title":"","ocean_shortcode_before_footer_widgets":"","ocean_shortcode_after_footer_widgets":"","ocean_shortcode_before_footer_bottom":"","ocean_shortcode_after_footer_bottom":"","ocean_display_top_bar":"default","ocean_display_header":"default","ocean_header_style":"","ocean_center_header_left_menu":"0","ocean_custom_header_template":"0","ocean_custom_logo":0,"ocean_custom_retina_logo":0,"ocean_custom_logo_max_width":0,"ocean_custom_logo_tablet_max_width":0,"ocean_custom_logo_mobile_max_width":0,"ocean_custom_logo_max_height":0,"ocean_custom_logo_tablet_max_height":0,"ocean_custom_logo_mobile_max_height":0,"ocean_header_custom_menu":"0","ocean_menu_typo_font_family":"0","ocean_menu_typo_font_subset":"","ocean_menu_typo_font_size":0,"ocean_menu_typo_font_size_tablet":0,"ocean_menu_typo_font_size_mobile":0,"ocean_menu_typo_font_size_unit":"px","ocean_menu_typo_font_weight":"","ocean_menu_typo_font_weight_tablet":"","ocean_menu_typo_font_weight_mobile":"","ocean_menu_typo_transform":"","ocean_menu_typo_transform_tablet":"","ocean_menu_typo_transform_mobile":"","ocean_menu_typo_line_height":0,"ocean_menu_typo_line_height_tablet":0,"ocean_menu_typo_line_height_mobile":0,"ocean_menu_typo_line_height_unit":"","ocean_menu_typo_spacing":0,"ocean_menu_typo_spacing_tablet":0,"ocean_menu_typo_spacing_mobile":0,"ocean_menu_typo_spacing_unit":"","ocean_menu_link_color":"","ocean_menu_link_color_hover":"","ocean_menu_link_color_active":"","ocean_menu_link_background":"","ocean_menu_link_hover_background":"","ocean_menu_link_active_background":"","ocean_menu_social_links_bg":"","ocean_menu_social_hover_links_bg":"","ocean_menu_social_links_color":"","ocean_menu_social_hover_links_color":"","ocean_disable_title":"default","ocean_disable_heading":"default","ocean_post_title":"","ocean_post_subheading":"","ocean_post_title_style":"","ocean_post_title_background_color":"","ocean_post_title_background":0,"ocean_post_title_bg_image_position":"","ocean_post_title_bg_image_attachment":"","ocean_post_title_bg_image_repeat":"","ocean_post_title_bg_image_size":"","ocean_post_title_height":0,"ocean_post_title_bg_overlay":0.5,"ocean_post_title_bg_overlay_color":"","ocean_disable_breadcrumbs":"default","ocean_breadcrumbs_color":"","ocean_breadcrumbs_separator_color":"","ocean_breadcrumbs_links_color":"","ocean_breadcrumbs_links_hover_color":"","ocean_display_footer_widgets":"default","ocean_display_footer_bottom":"default","ocean_custom_footer_template":"0","ofc_meta_disable_footer_callout":"","ofc_meta_callout_button_url":"","ofc_meta_callout_button_txt":"","ofc_meta_callout_text":"","ofc_enable_fullscreen":"disable","ofc_fullscreen_speed":0,"ofc_fullscreen_nav":"enable","ofc_fullscreen_nav_pos":"right","ofc_fullscreen_nav_color":"","ofc_fullscreen_nav_tooltip_color":"","ofc_fullscreen_responsive":0,"osp_disable_panel":"default","osh_disable_topbar_sticky":"default","osh_disable_header_sticky":"default","osh_sticky_header_style":"default","osh_sticky_header_effect":"","osh_custom_sticky_logo":0,"osh_custom_retina_sticky_logo":0,"osh_custom_sticky_logo_height":0,"osh_background_color":"","osh_links_color":"","osh_links_hover_color":"","osh_links_active_color":"","osh_links_bg_color":"","osh_links_hover_bg_color":"","osh_links_active_bg_color":"","osh_menu_social_links_color":"","osh_menu_social_hover_links_color":"","footnotes":""},"class_list":["post-215","page","type-page","status-publish","hentry","entry"],"_links":{"self":[{"href":"https:\/\/lamandalie.de\/index.php?rest_route=\/wp\/v2\/pages\/215","targetHints":{"allow":["GET"]}}],"collection":[{"href":"https:\/\/lamandalie.de\/index.php?rest_route=\/wp\/v2\/pages"}],"about":[{"href":"https:\/\/lamandalie.de\/index.php?rest_route=\/wp\/v2\/types\/page"}],"author":[{"embeddable":true,"href":"https:\/\/lamandalie.de\/index.php?rest_route=\/wp\/v2\/users\/1"}],"replies":[{"embeddable":true,"href":"https:\/\/lamandalie.de\/index.php?rest_route=%2Fwp%2Fv2%2Fcomments&post=215"}],"version-history":[{"count":8,"href":"https:\/\/lamandalie.de\/index.php?rest_route=\/wp\/v2\/pages\/215\/revisions"}],"predecessor-version":[{"id":1433,"href":"https:\/\/lamandalie.de\/index.php?rest_route=\/wp\/v2\/pages\/215\/revisions\/1433"}],"wp:attachment":[{"href":"https:\/\/lamandalie.de\/index.php?rest_route=%2Fwp%2Fv2%2Fmedia&parent=215"}],"curies":[{"name":"wp","href":"https:\/\/api.w.org\/{rel}","templated":true}]}}