{"id":187,"date":"2018-09-01T16:07:01","date_gmt":"2018-09-01T16:07:01","guid":{"rendered":"http:\/\/lamandalie.de\/?page_id=187"},"modified":"2025-10-03T11:31:59","modified_gmt":"2025-10-03T11:31:59","slug":"agb","status":"publish","type":"page","link":"https:\/\/lamandalie.de\/?page_id=187","title":{"rendered":"AGB"},"content":{"rendered":"\t\t<div data-elementor-type=\"wp-page\" data-elementor-id=\"187\" class=\"elementor elementor-187\">\n\t\t\t\t\t\t<section class=\"elementor-section elementor-top-section elementor-element elementor-element-5175c17f elementor-section-boxed elementor-section-height-default elementor-section-height-default\" data-id=\"5175c17f\" data-element_type=\"section\" data-e-type=\"section\">\n\t\t\t\t\t\t<div class=\"elementor-container elementor-column-gap-default\">\n\t\t\t\t\t<div class=\"elementor-column elementor-col-100 elementor-top-column elementor-element elementor-element-7064ecf8\" data-id=\"7064ecf8\" data-element_type=\"column\" data-e-type=\"column\">\n\t\t\t<div class=\"elementor-widget-wrap elementor-element-populated\">\n\t\t\t\t\t\t<div class=\"elementor-element elementor-element-89a519a elementor-widget__width-initial elementor-widget elementor-widget-text-editor\" data-id=\"89a519a\" data-element_type=\"widget\" data-e-type=\"widget\" data-widget_type=\"text-editor.default\">\n\t\t\t\t<div class=\"elementor-widget-container\">\n\t\t\t\t\t\t\t\t\t<p><strong><span style=\"color: #787878;\"><span style=\"font-family: noto sans;\"><span style=\"font-size: medium;\"><span style=\"text-decoration: none;\">Allgemeine Gesch\u00e4ftsbedingungen<\/span><\/span><\/span><\/span><\/strong><\/p><p><span style=\"font-size: 11pt;\"><strong><span style=\"color: #787878;\"><span style=\"font-family: noto sans;\">\u00a71 Geltung gegen\u00fcber Kunden und Begriffsdefinitionen<\/span><\/span><\/strong><\/span><\/p><p><span style=\"color: #787878; font-size: 11pt;\"><span style=\"font-family: open sans;\">(1) Die nachfolgenden Allgemeinen Gesch\u00e4ftbedingungen gelten f\u00fcr alle Leistungen zwischen uns und einem Kunden in ihrer zum Zeitpunkt des Vertragsabschlusses g\u00fcltigen Fassung.<\/span><\/span><\/p><p><span style=\"color: #787878; font-size: 11pt;\"><span style=\"font-family: open sans;\">Als Kunde wird im Folgenden ein tats\u00e4chlicher oder potenzieller Nachfrager unseres Angebots bezeichnet. Kunden k\u00f6nnen Einzelpersonen, Institutionen, Firmen oder Unternehmen\u00a0mit mehreren Entscheidungstr\u00e4gern sein.<\/span><\/span><\/p><p><span style=\"font-size: 11pt;\"><strong><span style=\"color: #787878;\"><span style=\"font-family: noto sans;\">\u00a72 Zustandekommen eines Vertrages, Speicherung des Vertragstextes<\/span><\/span><\/strong><\/span><\/p><p><span style=\"color: #787878; font-size: 11pt;\"><span style=\"font-family: noto sans;\"><span style=\"font-size: 11pt;\">(1) Die folgenden Regelungen \u00fcber den Abschluss eines Dienstleistungsvertrags gelten f\u00fcr Leistungen, deren Umfang und Inhalt \u00fcber unser Internetangebot www.lamandalie.de angeboten und beschrieben werden.<\/span> <\/span><\/span><\/p><p><span style=\"font-size: 11pt;\"><strong><span style=\"color: #787878;\"><span style=\"font-family: noto sans;\">Im Falle des Vertragsschlusses kommt der Vertrag mit<\/span><\/span><\/strong><\/span><\/p><p style=\"color: #787878;\"><span style=\"font-family: open sans; font-size: 11pt;\">La mandalie<\/span><br \/><span style=\"color: #787878; font-size: 11pt;\"><span style=\"font-family: open sans;\">c\/o Valerie Thudium<\/span><\/span><br \/><span style=\"color: #787878; font-size: 11pt;\"><span style=\"font-family: open sans;\">Tulpenweg 1<\/span><\/span><br \/><span style=\"color: #787878; font-size: 11pt;\"><span style=\"font-family: open sans;\">81379 M\u00fcnchen<\/span><\/span><\/p><p><span style=\"color: #787878; font-size: 11pt;\"><span style=\"font-family: noto sans;\"><b>zustande.<\/b><\/span><\/span><\/p><p><span style=\"font-size: 11pt;\"><strong><span style=\"color: #787878;\"><span style=\"font-family: noto sans;\"><b>Vertragsinhalte<\/b><\/span><\/span><\/strong><\/span><\/p><p><span style=\"font-size: 11pt;\"><strong><span style=\"color: #787878;\"><span style=\"font-family: noto sans;\"><span style=\"font-weight: normal;\">1. <\/span><\/span><\/span><\/strong><strong><span style=\"color: #787878;\"><span style=\"font-family: noto sans;\"><span style=\"font-weight: normal;\">Vertragsparteien<\/span><\/span><\/span><\/strong><b><br \/><\/b><\/span><br \/><span style=\"font-size: 11pt;\"><strong><span style=\"color: #787878;\"><span style=\"font-family: open sans;\"><span style=\"font-style: normal;\"><span style=\"font-weight: normal;\">Vertragsparteien<\/span><\/span><\/span><\/span><\/strong><span style=\"color: #787878;\"><span style=\"font-family: open sans;\"> sind die Personen oder Organisationen, die an einem Vertrag beteiligt sind. <\/span><\/span><span style=\"color: #787878;\"><span style=\"font-family: open sans;\">Die <\/span><\/span><strong><span style=\"color: #787878;\"><span style=\"font-family: open sans;\"><span style=\"font-style: normal;\"><span style=\"font-weight: normal;\">Vertragsparteien<\/span><\/span><\/span><\/span><\/strong><span style=\"color: #787878;\"><span style=\"font-family: open sans;\"> sind <\/span><\/span><strong><span style=\"color: #787878;\"><span style=\"font-family: open sans;\"><span style=\"font-weight: normal;\">rechtlich an die Vertragsbedingungen gebunden.<\/span><\/span><\/span><\/strong><span style=\"color: #787878;\"><span style=\"font-family: open sans;\"> Die <\/span><\/span><strong><span style=\"color: #787878;\"><span style=\"font-family: open sans;\"><span style=\"font-weight: normal;\">Vertragsparteien<\/span><\/span><\/span><\/strong><span style=\"color: #787878;\"><span style=\"font-family: open sans;\"> k\u00f6nnen sowohl Einzelpersonen als auch <\/span><\/span><strong><span style=\"color: #787878;\"><span style=\"font-family: open sans;\"><span style=\"font-weight: normal;\">rechtliche Subjekte<\/span><\/span><\/span><\/strong><span style=\"color: #787878;\"><span style=\"font-family: open sans;\"> wie Unternehmen oder andere <\/span><\/span><strong><span style=\"color: #787878;\"><span style=\"font-family: open sans;\"><span style=\"font-weight: normal;\">Organisationen<\/span><\/span><\/span><\/strong><span style=\"color: #787878;\"><span style=\"font-family: open sans;\"> sein. <\/span><\/span><span style=\"color: #787878;\"><span style=\"font-family: open sans;\">Die Vertragsparteien sind im Sinne des Vertrags Berechtige ebenso wie Verpflichtete.<\/span><\/span><\/span><\/p><p><span style=\"font-size: 10pt;\"><strong><span style=\"color: #787878;\"><span style=\"font-family: noto sans;\"><span style=\"font-weight: normal;\"><span style=\"font-size: 11pt;\">2. Leistungsumfang<\/span> <\/span><\/span><\/span><\/strong><\/span><\/p><p><span style=\"font-size: 11pt;\"><span style=\"color: #787878;\"><span style=\"font-family: open sans;\">Die Pr\u00e4sentation <\/span><\/span><span style=\"color: #787878;\"><span style=\"font-family: open sans;\">und die <\/span><\/span><span style=\"color: #787878;\"><span style=\"font-family: open sans;\">Beschreibung <\/span><\/span><span style=\"color: #787878;\"><span style=\"font-family: open sans;\">der<\/span><\/span><span style=\"color: #787878;\"><span style=\"font-family: open sans;\"> Dienstleistungen auf unserer website stellen kein rechtlich bindendes Vertragsangebot unsererseits dar, sondern sind nur eine unverbindliche Aufforderungen an den Kunden, Dienstleistungen nachzufragen und zu bestellen. <\/span><\/span><span style=\"color: #787878;\"><span style=\"font-family: open sans;\">Fordert der Kunde den Leistungsanbieter auf, <\/span><\/span><span style=\"color: #787878;\"><span style=\"font-family: open sans;\">ein verbindliches Angebot auf <\/span><\/span><span style=\"color: #787878;\"><span style=\"font-family: open sans;\">bestimmte Dienstleistungen abzugeben, erh\u00e4lt der Kunde eine umfassende Leistungsbeschreibung<\/span><\/span><span style=\"color: #787878;\"><span style=\"font-family: open sans;\"> \u00fc<\/span><\/span><span style=\"color: #787878;\"><span style=\"font-family: open sans;\">ber die von ihm angeforderten Dienstleistungen. Die Aufforderung zur Abgabe eines Angebots kann auf elektronischem Weg erfolgen, \u00fcber das Kontaktformular auf unserer website unter dem Men\u00fcpunkt <a href=\"https:\/\/lamandalie.de\/?page_id=254\" target=\"_blank\" rel=\"noopener\"><strong>Anfragen und Kontakt<\/strong><\/a><\/span><\/span><span style=\"color: #787878;\"><span style=\"font-family: open sans;\"><span style=\"text-decoration: none;\">\u00a0<\/span><\/span><\/span><span style=\"color: #787878;\"><span style=\"font-family: open sans;\">o<\/span><\/span><span style=\"color: #787878;\"><span style=\"font-family: open sans;\">der auf <\/span><\/span><span style=\"color: #787878;\"><span style=\"font-family: open sans;\">postalischen Weg. <\/span><\/span><span style=\"color: #787878;\"><span style=\"font-family: open sans;\">Ein auf ein Angebot folgender <\/span><\/span><span style=\"color: #787878;\"><span style=\"font-family: open sans;\">Vertragsabschluss bezieht sich immer auf <\/span><\/span><span style=\"color: #787878;\"><span style=\"font-family: open sans;\">das vorangegangene Angebot<\/span><\/span><span style=\"color: #787878;\"><span style=\"font-family: open sans;\">, dessen Inhalt und Umfang dem Kunden vor Vertragsabschluss vollinhaltlich vorliegen muss.<\/span><\/span><\/span><\/p><p><span style=\"color: #787878; font-size: 11pt;\"><span style=\"font-family: noto sans;\">3. Wichtige Inhalte des Dienstleistungsvertrags<\/span><\/span><\/p><p><span style=\"color: #787878; font-size: 11pt;\"><span style=\"font-family: open sans;\">Ein Dienstleistungsvertrag, den eine oder mehrere Vertragsparteien mit Frau Valerie Thudium abschlie\u00dfen, muss folgende Inhalte zwingend enthalten: <\/span><\/span><\/p><p><span style=\"color: #787878; font-size: 11pt;\"><span style=\"font-family: open sans;\">a) Den genauen Ort, den zeitlichen Ablauf, die gesamtkalkulierte Zeit, die zur endg\u00fcltigen Erbringung aller nachgefragten Dienstleistungen zwingend notwendig ist, sowie alle nachgefragten Dienstleistungen und notwendige Materialien.<\/span><\/span><\/p><p><span style=\"color: #787878; font-size: 11pt;\"><span style=\"font-family: open sans;\">b) Weiters enth\u00e4lt der Dienstleistungsvertrag alle Kosten, die zur Erbringung der nachgefragten Dienstleistungen entstehen, und zu Lasten des Auftraggebers gehen.\u00a0<\/span><\/span><\/p><p><span style=\"color: #787878; font-size: 11pt;\"><span style=\"font-family: open sans;\">c) Zus\u00e4tzliche, zu einem sp\u00e4teren Zeitpunkt getroffene Abmachungen, \u00fcber zus\u00e4tzlich zu erbringende Dienstleistungen oder Materialien, werden mit Abgabe eines Auftragsangebots seitens des Auftragnehmers und durch Annahme durch den Auftraggeber ebenfalls Teile des Vertragstextes. Alle Zus\u00e4tze zu einem bestehenden Vertrag bed\u00fcrfen der Schriftform.<br \/><strong>Der Vertrag ist g\u00fcltig, sobald beide Vertragsparteien rechtsg\u00fcltig unterzeichnet haben. F\u00fcr die Kundenpartei muss eine rechtlich daf\u00fcr autorisierte Person die rechtsg\u00fcltige Unterschrift leisten.<\/strong><\/span><\/span><\/p><p><span style=\"color: #787878; font-size: 11pt;\"><span style=\"font-family: noto sans;\">Ausf\u00fchrungsformen des Angebots und des Vertrags und Speicherung der Daten<\/span><\/span><\/p><p><span style=\"color: #787878; font-size: 11pt;\"><span style=\"font-family: open sans;\">Das Angebot, sowie den etwaig darauf folgenden Dienstleistungsvertrag erh\u00e4lt der Kunde in schriftlicher Form auf postalischen Weg oder in elektronischer Form als PDF Dokument, welches auf elektronischem Weg dem Kunden zugestellt wird. Gleiches gilt f\u00fcr die Allgemeinen Gesch\u00e4ftsbedingungen und die Widerrufsbelehrung, welche dem Kunden zusammen mit dem Dienstleistungsvertrag zugestellt werden. Grunds\u00e4tzlich erfolgt die Kommunikation zwischen den Vertragsparteien auf elektronischem Weg. Alle PDF Dokumente, die zwischen den Vertragsparteien ausgetauscht werden, werden stillschweigend von allen Vertragsparteien als rechtsg\u00fcltig anerkannt. Selbstverst\u00e4ndlich k\u00f6nnen alle Dokumente auch in Papierform ausgetauscht werden. Diese Kommunikationsform muss allerdings aktiv eingefordert werden. Alle, den jeweiligen Dienstleistungsvertrag betreffene Daten sind aus Sicherheitsgr\u00fcnden nicht \u00fcber das Internet zug\u00e4nglich. Siehe dazu auch die <a href=\"https:\/\/lamandalie.de\/?page_id=35\" target=\"_blank\" rel=\"noopener\"><strong>Datenschutzerkl\u00e4rung<\/strong><\/a> auf unserer website www.lamandalie.de<\/span><\/span><\/p><p><span style=\"color: #787878; font-size: 11pt; font-family: noto sans;\">4. Zeitpunkt der Leistungserbringung<\/span><\/p><p><span style=\"color: #787878; font-size: 11pt; font-family: open sans;\">Der genaue Beginn der Leistungserbringung sowie das genaue Ende der Leistungserbringung werden im Vertrag niedergelegt und sind Bestandteile des Vertrags. \u00c4nderungen des Beginns sowie des Endes der Leistungserbringung bed\u00fcrfen der Zustimmung aller Vertragsparteien und m\u00fcssen schriftlich niederlegt werden. Sie werden in der Folge g\u00fcltige Bestandteile des Vertrags.<\/span><\/p><p><span style=\"color: #787878; font-family: noto sans; font-size: 11pt;\">5. Vertragsdauer<\/span><\/p><p><span style=\"color: #787878;\"><span style=\"font-family: open sans;\"><span style=\"font-size: 11pt;\">Die Rechtswirksamkeit des Vertrags beginnt ab dem Zeitpunkt, an dem der Vertrag von allen beteiligten Vertragsparteien rechtsg\u00fcltig unterzeichnet wurde. Die Vertragsdauer erstreckt sich mindestens bis zu dem Zeitpunkt, an dem alle im Vertrag festgelegten Dienstleistungen erbracht worden sind und, wie im Vertrag vereinbart, alle daraus entstandenen Verbindlichkeiten vollumf\u00e4nglich verg\u00fctet worden sind. Es gilt der Vertragstext. Dar\u00fcber bedarf jede Forderung nach Verl\u00e4ngerung der Vertragslaufzeit der Schriftform. Die Forderung muss in jedem Fall sachlich begr\u00fcndet und dargelegt werden. <\/span><\/span><\/span><\/p><p><span style=\"color: #787878; font-size: 11pt;\"><span style=\"font-family: open sans;\">Die auftraggebende Vertragspartei hat das Recht, fristgerechten Widerspruch einzulegen. Siehe dazu die Widerrufsbelehrung auf unserer website www.lamandalie.de unter dem Men\u00fcpunkt <a href=\"https:\/\/lamandalie.de\/?page_id=196\" target=\"_blank\" rel=\"noopener\"><strong>Widerrufsbelehrung<\/strong><\/a>. Bei mutwillig bzw. unbegr\u00fcndetem Vertragsausfall wird die vollst\u00e4ndige, im Vertrag niedergelegte Verg\u00fctung f\u00e4llig. <\/span><\/span><\/p><p><span style=\"color: #787878;\"><span style=\"font-family: noto sans; font-size: 11pt;\">6. Verg\u00fctung<\/span><\/span><\/p><p><span style=\"font-family: open sans; font-size: 11pt;\">Die H\u00f6he der Gesamtverg\u00fctung richtet sich nach dem im Dienstleistungsvertrag von den Vertragsparteien festgelegten Leistungsumfang. Die H\u00f6he der einzelnen Verg\u00fctung, die f\u00fcr die jeweilige, ordentlich erbrachte, Dienstleistung anf\u00e4llt, wird im Angebot sowie im rechtsg\u00fcltig abgeschlossenen Dienstleistungsauftrag aufgelistet und festgelegt. Gleiches gilt f\u00fcr anfallende Verbrauchsmaterialien. Aus der Summe der einzelnen Verg\u00fctungen, Verbrauchsmaterialien und etwaig anfallenden Nebenkosten ergibt sich die Gesamtverg\u00fctung. Dieser Regelung stimmen die Vertragsparteien mit Unterzeichnung des Dienstleistungsvertrags zu. Anderslautende Vereinbarungen bed\u00fcrfen der schriftlichen Form.<br \/>Die Begleichung der Gesamtverg\u00fctung wird 14 Werktage nach vollst\u00e4ndiger Erbringung der im Auftrag niedergelegten Dienstleistungen ohne Abzug f\u00e4llig. Die Zahlung erfolgt auf das im Vertrag angegebene Konto von Frau Valerie Thudium.<\/span><\/p><p><span style=\"color: #787878; font-family: open sans; font-size: 11pt;\">Stand der Allgemeinen Gesch\u00e4ftsbedingungen 2025<br \/>Gerichsstand ist M\u00fcnchen\/Bayern\/Deutschland<\/span><\/p><p><a href=\"https:\/\/lamandalie.de\/?page_id=196\" target=\"_blank\" rel=\"noopener\"><strong><span style=\"font-family: noto sans; font-size: 12pt; color: #787878;\">Zur Widerrufsbelehrung<\/span><\/strong><\/a><\/p><div><hr \/><div><p><span style=\"font-family: open sans; font-size: 11pt; color: #787878;\">Alternative Streitbeilegung gem\u00e4\u00df Art. 14 Abs. 1 ODR-VO und \u00a7 36 VSBG:<\/span><\/p><p><span style=\"font-family: open sans; font-size: 11pt; color: #787878;\">Die Europ\u00e4ische Kommission stellt eine Plattform zur Online-Streitbeilegung (OS) bereit, die sie unter <a style=\"color: #787878;\" href=\"https:\/\/ec.europa.eu\/consumers\/odr\" target=\"_blank\" rel=\"noopener\">https:\/\/ec.europa.eu\/consumers\/odr<\/a> einsehen k\u00f6nnen. Wir sind nicht bereit, an einem au\u00dfergerichtlichen Schlichtungsverfahren teilzunehmen<\/span>.<\/p><\/div><\/div>\t\t\t\t\t\t\t\t<\/div>\n\t\t\t\t<\/div>\n\t\t\t\t\t<\/div>\n\t\t<\/div>\n\t\t\t\t\t<\/div>\n\t\t<\/section>\n\t\t\t\t<\/div>\n\t\t","protected":false},"excerpt":{"rendered":"<p>Allgemeine Gesch\u00e4ftsbedingungen \u00a71 Geltung gegen\u00fcber Kunden und Begriffsdefinitionen (1) Die nachfolgenden Allgemeinen Gesch\u00e4ftbedingungen gelten f\u00fcr alle Leistungen zwischen uns und einem Kunden in ihrer zum Zeitpunkt des Vertragsabschlusses g\u00fcltigen Fassung. Als Kunde wird im Folgenden ein tats\u00e4chlicher oder potenzieller Nachfrager unseres Angebots bezeichnet. Kunden k\u00f6nnen Einzelpersonen, Institutionen, Firmen oder Unternehmen\u00a0mit mehreren Entscheidungstr\u00e4gern sein. \u00a72 Zustandekommen [&hellip;]<\/p>\n","protected":false},"author":1,"featured_media":0,"parent":0,"menu_order":0,"comment_status":"closed","ping_status":"closed","template":"","meta":{"ocean_post_layout":"","ocean_both_sidebars_style":"","ocean_both_sidebars_content_width":0,"ocean_both_sidebars_sidebars_width":0,"ocean_sidebar":"0","ocean_second_sidebar":"0","ocean_disable_margins":"enable","ocean_add_body_class":"","ocean_shortcode_before_top_bar":"","ocean_shortcode_after_top_bar":"","ocean_shortcode_before_header":"","ocean_shortcode_after_header":"","ocean_has_shortcode":"","ocean_shortcode_after_title":"","ocean_shortcode_before_footer_widgets":"","ocean_shortcode_after_footer_widgets":"","ocean_shortcode_before_footer_bottom":"","ocean_shortcode_after_footer_bottom":"","ocean_display_top_bar":"default","ocean_display_header":"default","ocean_header_style":"","ocean_center_header_left_menu":"0","ocean_custom_header_template":"0","ocean_custom_logo":0,"ocean_custom_retina_logo":0,"ocean_custom_logo_max_width":0,"ocean_custom_logo_tablet_max_width":0,"ocean_custom_logo_mobile_max_width":0,"ocean_custom_logo_max_height":0,"ocean_custom_logo_tablet_max_height":0,"ocean_custom_logo_mobile_max_height":0,"ocean_header_custom_menu":"0","ocean_menu_typo_font_family":"0","ocean_menu_typo_font_subset":"","ocean_menu_typo_font_size":0,"ocean_menu_typo_font_size_tablet":0,"ocean_menu_typo_font_size_mobile":0,"ocean_menu_typo_font_size_unit":"px","ocean_menu_typo_font_weight":"","ocean_menu_typo_font_weight_tablet":"","ocean_menu_typo_font_weight_mobile":"","ocean_menu_typo_transform":"","ocean_menu_typo_transform_tablet":"","ocean_menu_typo_transform_mobile":"","ocean_menu_typo_line_height":0,"ocean_menu_typo_line_height_tablet":0,"ocean_menu_typo_line_height_mobile":0,"ocean_menu_typo_line_height_unit":"","ocean_menu_typo_spacing":0,"ocean_menu_typo_spacing_tablet":0,"ocean_menu_typo_spacing_mobile":0,"ocean_menu_typo_spacing_unit":"","ocean_menu_link_color":"","ocean_menu_link_color_hover":"","ocean_menu_link_color_active":"","ocean_menu_link_background":"","ocean_menu_link_hover_background":"","ocean_menu_link_active_background":"","ocean_menu_social_links_bg":"","ocean_menu_social_hover_links_bg":"","ocean_menu_social_links_color":"","ocean_menu_social_hover_links_color":"","ocean_disable_title":"default","ocean_disable_heading":"default","ocean_post_title":"","ocean_post_subheading":"","ocean_post_title_style":"","ocean_post_title_background_color":"","ocean_post_title_background":0,"ocean_post_title_bg_image_position":"","ocean_post_title_bg_image_attachment":"","ocean_post_title_bg_image_repeat":"","ocean_post_title_bg_image_size":"","ocean_post_title_height":0,"ocean_post_title_bg_overlay":0.5,"ocean_post_title_bg_overlay_color":"","ocean_disable_breadcrumbs":"default","ocean_breadcrumbs_color":"","ocean_breadcrumbs_separator_color":"","ocean_breadcrumbs_links_color":"","ocean_breadcrumbs_links_hover_color":"","ocean_display_footer_widgets":"default","ocean_display_footer_bottom":"default","ocean_custom_footer_template":"0","ofc_meta_disable_footer_callout":"","ofc_meta_callout_button_url":"","ofc_meta_callout_button_txt":"","ofc_meta_callout_text":"","ofc_enable_fullscreen":"disable","ofc_fullscreen_speed":0,"ofc_fullscreen_nav":"enable","ofc_fullscreen_nav_pos":"right","ofc_fullscreen_nav_color":"","ofc_fullscreen_nav_tooltip_color":"","ofc_fullscreen_responsive":0,"osp_disable_panel":"default","osh_disable_topbar_sticky":"default","osh_disable_header_sticky":"default","osh_sticky_header_style":"default","osh_sticky_header_effect":"","osh_custom_sticky_logo":0,"osh_custom_retina_sticky_logo":0,"osh_custom_sticky_logo_height":0,"osh_background_color":"","osh_links_color":"","osh_links_hover_color":"","osh_links_active_color":"","osh_links_bg_color":"","osh_links_hover_bg_color":"","osh_links_active_bg_color":"","osh_menu_social_links_color":"","osh_menu_social_hover_links_color":"","footnotes":""},"class_list":["post-187","page","type-page","status-publish","hentry","entry"],"_links":{"self":[{"href":"https:\/\/lamandalie.de\/index.php?rest_route=\/wp\/v2\/pages\/187","targetHints":{"allow":["GET"]}}],"collection":[{"href":"https:\/\/lamandalie.de\/index.php?rest_route=\/wp\/v2\/pages"}],"about":[{"href":"https:\/\/lamandalie.de\/index.php?rest_route=\/wp\/v2\/types\/page"}],"author":[{"embeddable":true,"href":"https:\/\/lamandalie.de\/index.php?rest_route=\/wp\/v2\/users\/1"}],"replies":[{"embeddable":true,"href":"https:\/\/lamandalie.de\/index.php?rest_route=%2Fwp%2Fv2%2Fcomments&post=187"}],"version-history":[{"count":148,"href":"https:\/\/lamandalie.de\/index.php?rest_route=\/wp\/v2\/pages\/187\/revisions"}],"predecessor-version":[{"id":2070,"href":"https:\/\/lamandalie.de\/index.php?rest_route=\/wp\/v2\/pages\/187\/revisions\/2070"}],"wp:attachment":[{"href":"https:\/\/lamandalie.de\/index.php?rest_route=%2Fwp%2Fv2%2Fmedia&parent=187"}],"curies":[{"name":"wp","href":"https:\/\/api.w.org\/{rel}","templated":true}]}}